{"id":103,"date":"2016-08-15T16:42:08","date_gmt":"2016-08-15T14:42:08","guid":{"rendered":"http:\/\/192.168.5.218\/?page_id=103"},"modified":"2021-04-20T09:59:26","modified_gmt":"2021-04-20T07:59:26","slug":"zonenregulierung","status":"publish","type":"page","link":"https:\/\/comsysbaertsch.ch\/cWeb\/zonenregulierung\/","title":{"rendered":"Zonenregulierung"},"content":{"rendered":"<p class=\"bodytext\">System zur Einzelraumregulierung.<a href=\"\/cWeb\/wp-content\/uploads\/2016\/08\/zonenregulierung-1.png\" data-rel=\"lightbox-image-0\" data-rl_title=\"\" data-rl_caption=\"\" title=\"\"><img loading=\"lazy\" decoding=\"async\" class=\"alignright wp-image-265 size-medium\" src=\"\/cWeb\/wp-content\/uploads\/2016\/08\/zonenregulierung-1-300x274.png\" width=\"300\" height=\"274\" srcset=\"https:\/\/comsysbaertsch.ch\/cWeb\/wp-content\/uploads\/2016\/08\/zonenregulierung-1-300x274.png 300w, https:\/\/comsysbaertsch.ch\/cWeb\/wp-content\/uploads\/2016\/08\/zonenregulierung-1-768x702.png 768w, https:\/\/comsysbaertsch.ch\/cWeb\/wp-content\/uploads\/2016\/08\/zonenregulierung-1.png 915w\" sizes=\"auto, (max-width: 300px) 100vw, 300px\" \/><\/a><br \/>\nDali-Lichtsteuerung<br \/>\nAS-i Bus f\u00fcr Sensoren und Aktoren sowie Storen<br \/>\nEnocean Funk f\u00fcr Sensoren<br \/>\nBelimo MP-Bus<\/p>\n<p class=\"bodytext\"><a href=\"\/cWeb\/wp-content\/uploads\/2016\/08\/cb_AS-i.pdf\" target=\"_blank\" rel=\"noopener\">\u00dcbersicht CB_AS-i mit den diversen AS-i-Modulen als PDF<\/a><strong><br \/>\n<\/strong><\/p>\n","protected":false},"excerpt":{"rendered":"<p>System zur Einzelraumregulierung. Dali-Lichtsteuerung AS-i Bus f\u00fcr Sensoren und Aktoren sowie Storen Enocean Funk f\u00fcr Sensoren Belimo MP-Bus \u00dcbersicht CB_AS-i mit den diversen AS-i-Modulen als PDF<\/p>\n","protected":false},"author":1,"featured_media":0,"parent":0,"menu_order":0,"comment_status":"closed","ping_status":"closed","template":"","meta":{"footnotes":""},"class_list":["post-103","page","type-page","status-publish","hentry"],"_links":{"self":[{"href":"https:\/\/comsysbaertsch.ch\/cWeb\/wp-json\/wp\/v2\/pages\/103","targetHints":{"allow":["GET"]}}],"collection":[{"href":"https:\/\/comsysbaertsch.ch\/cWeb\/wp-json\/wp\/v2\/pages"}],"about":[{"href":"https:\/\/comsysbaertsch.ch\/cWeb\/wp-json\/wp\/v2\/types\/page"}],"author":[{"embeddable":true,"href":"https:\/\/comsysbaertsch.ch\/cWeb\/wp-json\/wp\/v2\/users\/1"}],"replies":[{"embeddable":true,"href":"https:\/\/comsysbaertsch.ch\/cWeb\/wp-json\/wp\/v2\/comments?post=103"}],"version-history":[{"count":1,"href":"https:\/\/comsysbaertsch.ch\/cWeb\/wp-json\/wp\/v2\/pages\/103\/revisions"}],"predecessor-version":[{"id":999,"href":"https:\/\/comsysbaertsch.ch\/cWeb\/wp-json\/wp\/v2\/pages\/103\/revisions\/999"}],"wp:attachment":[{"href":"https:\/\/comsysbaertsch.ch\/cWeb\/wp-json\/wp\/v2\/media?parent=103"}],"curies":[{"name":"wp","href":"https:\/\/api.w.org\/{rel}","templated":true}]}}